{"id":18363,"date":"2025-05-24T12:03:14","date_gmt":"2025-05-24T15:03:14","guid":{"rendered":"https:\/\/cnileopoldina.com.br\/site\/?page_id=18363"},"modified":"2025-06-27T14:35:52","modified_gmt":"2025-06-27T17:35:52","slug":"nossos-servicos","status":"publish","type":"page","link":"https:\/\/cnileopoldina.com.br\/site\/nossos-servicos\/","title":{"rendered":"Nossos servi\u00e7os"},"content":{"rendered":"\t\t<div data-elementor-type=\"wp-page\" data-elementor-id=\"18363\" class=\"elementor elementor-18363\">\n\t\t\t\t\t\t<section class=\"elementor-section elementor-top-section elementor-element elementor-element-1ec7eb61 elementor-section-boxed elementor-section-height-default elementor-section-height-default rt-parallax-bg-no\" data-id=\"1ec7eb61\" data-element_type=\"section\" data-settings=\"{&quot;background_background&quot;:&quot;classic&quot;}\">\n\t\t\t\t\t\t<div class=\"elementor-container elementor-column-gap-default\">\n\t\t\t\t\t<div class=\"elementor-column elementor-col-100 elementor-top-column elementor-element elementor-element-484226fc\" data-id=\"484226fc\" data-element_type=\"column\">\n\t\t\t<div class=\"elementor-widget-wrap elementor-element-populated\">\n\t\t\t\t\t\t<div class=\"elementor-element elementor-element-7a9b7eac elementor-widget elementor-widget-rt-title\" data-id=\"7a9b7eac\" data-element_type=\"widget\" data-widget_type=\"rt-title.default\">\n\t\t\t\t<div class=\"elementor-widget-container\">\n\t\t\t\t\t<div class=\"section-title-wrapper\">\r\n\r\n    <!--Background Title-->\r\n    \t    <div class=\"bg-title-wrap\">\r\n            <span class=\"background-title solid\">\r\n                nossos servi\u00e7os            <\/span>\r\n        <\/div>\r\n    \r\n    <div class=\"title-inner-wrapper\">\r\n\r\n        <!--Top Sub Title-->\r\n        \r\n        <!--Main Title-->\r\n                    <h2 class=\"main-title\">Nossos servi\u00e7os<\/h2>\r\n        \r\n        <!--Description-->\r\n                    <div class=\"description\"><p data-start=\"146\" data-end=\"316\">Na <strong data-start=\"149\" data-end=\"164\">Cabral Neg\u00f3cios Imobili\u00e1rios<\/strong>, oferecemos solu\u00e7\u00f5es completas e personalizadas para quem deseja <strong data-start=\"230\" data-end=\"261\">comprar, vender ou investir<\/strong> com seguran\u00e7a e efici\u00eancia em <strong data-start=\"292\" data-end=\"315\">Leopoldina e regi\u00e3o<\/strong>.<\/p><p data-start=\"146\" data-end=\"316\">Conte com a <strong data-start=\"149\" data-end=\"164\">Cabral Neg\u00f3cios Imobili\u00e1rios<\/strong>\u00a0para realizar neg\u00f3cios com confian\u00e7a e tranquilidade. Estamos prontos para atender voc\u00ea!<\/p><\/div>\r\n            <\/div>\r\n<\/div>\t\t\t\t<\/div>\n\t\t\t\t<\/div>\n\t\t\t\t<section class=\"elementor-section elementor-inner-section elementor-element elementor-element-7f512fd0 elementor-section-boxed elementor-section-height-default elementor-section-height-default rt-parallax-bg-no\" data-id=\"7f512fd0\" data-element_type=\"section\">\n\t\t\t\t\t\t<div class=\"elementor-container elementor-column-gap-default\">\n\t\t\t\t\t<div class=\"elementor-column elementor-col-33 elementor-inner-column elementor-element elementor-element-7020e909\" data-id=\"7020e909\" data-element_type=\"column\">\n\t\t\t<div class=\"elementor-widget-wrap elementor-element-populated\">\n\t\t\t\t\t\t<div class=\"elementor-element elementor-element-2edef698 elementor-invisible elementor-widget elementor-widget-rt-info-box\" data-id=\"2edef698\" data-element_type=\"widget\" data-settings=\"{&quot;_animation&quot;:&quot;fadeInUp&quot;,&quot;_animation_delay&quot;:100}\" data-widget_type=\"rt-info-box.default\">\n\t\t\t\t<div class=\"elementor-widget-container\">\n\t\t\t\t\t<div class=\"rt-info-box-wrap-3 rt-info-box\">\r\n    <div class=\"service-box bg-animation-2\">\r\n        <div class=\"icon-holder to-top bottomtotop image_invert_hover\">\r\n\t\t\t<div class='img-wrap'><div class='hover-bg'><\/div><img decoding=\"async\" width=\"59\" height=\"59\" src=\"https:\/\/cnileopoldina.com.br\/site\/wp-content\/uploads\/2021\/09\/home_search_3-1.svg\" class=\"attachment-full size-full\" alt=\"\" title=\"\" \/><\/div>        <\/div>\r\n\r\n        <div class=\"content-holder content-align\">\r\n\t\t\t                <h3 class=\"info-title\">\r\n\t\t\t\t\tVenda de im\u00f3veis                <\/h3>\r\n\t\t\t\r\n\t\t\t                <p class=\"content-align\">Especialistas na comercializa\u00e7\u00e3o de im\u00f3veis residenciais, comerciais e industriais, conectamos as melhores oportunidades ao perfil de cada cliente, sempre com transpar\u00eancia e compromisso com o resultado<\/p>\r\n\t\t\t        <\/div>\r\n\r\n\t\t    <\/div>\r\n<\/div>\r\n\t\t\t\t<\/div>\n\t\t\t\t<\/div>\n\t\t\t\t\t<\/div>\n\t\t<\/div>\n\t\t\t\t<div class=\"elementor-column elementor-col-33 elementor-inner-column elementor-element elementor-element-2523bdab\" data-id=\"2523bdab\" data-element_type=\"column\">\n\t\t\t<div class=\"elementor-widget-wrap elementor-element-populated\">\n\t\t\t\t\t\t<div class=\"elementor-element elementor-element-5223ca6 elementor-invisible elementor-widget elementor-widget-rt-info-box\" data-id=\"5223ca6\" data-element_type=\"widget\" data-settings=\"{&quot;_animation&quot;:&quot;fadeInUp&quot;,&quot;_animation_delay&quot;:100}\" data-widget_type=\"rt-info-box.default\">\n\t\t\t\t<div class=\"elementor-widget-container\">\n\t\t\t\t\t<div class=\"rt-info-box-wrap-3 rt-info-box\">\r\n    <div class=\"service-box bg-animation-2\">\r\n        <div class=\"icon-holder to-top bottomtotop image_invert_hover\">\r\n\t\t\t<div class='img-wrap'><div class='hover-bg'><\/div><img decoding=\"async\" width=\"59\" height=\"63\" src=\"https:\/\/cnileopoldina.com.br\/site\/wp-content\/uploads\/2021\/09\/home_hand_3-1.svg\" class=\"attachment-full size-full\" alt=\"\" title=\"\" \/><\/div>        <\/div>\r\n\r\n        <div class=\"content-holder content-align\">\r\n\t\t\t                <h3 class=\"info-title\">\r\n\t\t\t\t\tAvalia\u00e7\u00e3o Imobili\u00e1ria                <\/h3>\r\n\t\t\t\r\n\t\t\t                <p class=\"content-align\">Realizamos avalia\u00e7\u00f5es precisas e criteriosas, com base em an\u00e1lises t\u00e9cnicas e conhecimento de mercado, para garantir um valor justo e competitivo para o seu im\u00f3vel.<\/p>\r\n\t\t\t        <\/div>\r\n\r\n\t\t    <\/div>\r\n<\/div>\r\n\t\t\t\t<\/div>\n\t\t\t\t<\/div>\n\t\t\t\t\t<\/div>\n\t\t<\/div>\n\t\t\t\t<div class=\"elementor-column elementor-col-33 elementor-inner-column elementor-element elementor-element-5fe83982\" data-id=\"5fe83982\" data-element_type=\"column\">\n\t\t\t<div class=\"elementor-widget-wrap elementor-element-populated\">\n\t\t\t\t\t\t<div class=\"elementor-element elementor-element-334d2af5 elementor-invisible elementor-widget elementor-widget-rt-info-box\" data-id=\"334d2af5\" data-element_type=\"widget\" data-settings=\"{&quot;_animation&quot;:&quot;fadeInUp&quot;,&quot;_animation_delay&quot;:100}\" data-widget_type=\"rt-info-box.default\">\n\t\t\t\t<div class=\"elementor-widget-container\">\n\t\t\t\t\t<div class=\"rt-info-box-wrap-3 rt-info-box\">\r\n    <div class=\"service-box bg-animation-2\">\r\n        <div class=\"icon-holder to-top bottomtotop image_invert_hover\">\r\n\t\t\t<div class='img-wrap'><div class='hover-bg'><\/div><img decoding=\"async\" width=\"60\" height=\"57\" src=\"https:\/\/cnileopoldina.com.br\/site\/wp-content\/uploads\/2021\/09\/Modern-Villa-1.svg\" class=\"attachment-full size-full\" alt=\"\" title=\"\" \/><\/div>        <\/div>\r\n\r\n        <div class=\"content-holder content-align\">\r\n\t\t\t                <h3 class=\"info-title\">\r\n\t\t\t\t\tConsultoria Imobili\u00e1ria                <\/h3>\r\n\t\t\t\r\n\t\t\t                <p class=\"content-align\">Oferecemos orienta\u00e7\u00e3o profissional em todas as etapas do processo imobili\u00e1rio, auxiliando na tomada de decis\u00f5es com seguran\u00e7a jur\u00eddica e estrat\u00e9gica.<\/p>\r\n\t\t\t        <\/div>\r\n\r\n\t\t    <\/div>\r\n<\/div>\r\n\t\t\t\t<\/div>\n\t\t\t\t<\/div>\n\t\t\t\t\t<\/div>\n\t\t<\/div>\n\t\t\t\t\t<\/div>\n\t\t<\/section>\n\t\t\t\t\t<\/div>\n\t\t<\/div>\n\t\t\t\t\t<\/div>\n\t\t<\/section>\n\t\t\t\t<\/div>\n\t\t","protected":false},"excerpt":{"rendered":"<p>nossos servi\u00e7os Nossos servi\u00e7os Na Cabral Neg\u00f3cios Imobili\u00e1rios, oferecemos solu\u00e7\u00f5es completas e personalizadas para quem deseja comprar, vender ou investir com seguran\u00e7a e efici\u00eancia em Leopoldina e regi\u00e3o. Conte com a Cabral Neg\u00f3cios Imobili\u00e1rios\u00a0para realizar neg\u00f3cios com confian\u00e7a e tranquilidade. Estamos prontos para atender voc\u00ea! Venda de im\u00f3veis Especialistas na comercializa\u00e7\u00e3o de im\u00f3veis residenciais, comerciais<\/p>\n","protected":false},"author":1,"featured_media":0,"parent":0,"menu_order":0,"comment_status":"closed","ping_status":"closed","template":"templates\/blank.php","meta":{"_rtcl_gb_attr":"","_joinchat":[],"footnotes":""},"class_list":["post-18363","page","type-page","status-publish","hentry"],"_links":{"self":[{"href":"https:\/\/cnileopoldina.com.br\/site\/wp-json\/wp\/v2\/pages\/18363","targetHints":{"allow":["GET"]}}],"collection":[{"href":"https:\/\/cnileopoldina.com.br\/site\/wp-json\/wp\/v2\/pages"}],"about":[{"href":"https:\/\/cnileopoldina.com.br\/site\/wp-json\/wp\/v2\/types\/page"}],"author":[{"embeddable":true,"href":"https:\/\/cnileopoldina.com.br\/site\/wp-json\/wp\/v2\/users\/1"}],"replies":[{"embeddable":true,"href":"https:\/\/cnileopoldina.com.br\/site\/wp-json\/wp\/v2\/comments?post=18363"}],"version-history":[{"count":7,"href":"https:\/\/cnileopoldina.com.br\/site\/wp-json\/wp\/v2\/pages\/18363\/revisions"}],"predecessor-version":[{"id":18956,"href":"https:\/\/cnileopoldina.com.br\/site\/wp-json\/wp\/v2\/pages\/18363\/revisions\/18956"}],"wp:attachment":[{"href":"https:\/\/cnileopoldina.com.br\/site\/wp-json\/wp\/v2\/media?parent=18363"}],"curies":[{"name":"wp","href":"https:\/\/api.w.org\/{rel}","templated":true}]}}