{"id":2308,"date":"2020-10-20T03:25:00","date_gmt":"2020-10-20T03:25:00","guid":{"rendered":"https:\/\/www.radiustheme.com\/demo\/wordpress\/themes\/classifiedads\/?page_id=2308"},"modified":"2025-10-28T17:23:40","modified_gmt":"2025-10-28T20:23:40","slug":"fale-conosco","status":"publish","type":"page","link":"https:\/\/cnileopoldina.com.br\/site\/fale-conosco\/","title":{"rendered":"Fale Conosco"},"content":{"rendered":"\t\t<div data-elementor-type=\"wp-page\" data-elementor-id=\"2308\" class=\"elementor elementor-2308\">\n\t\t\t\t\t\t<section class=\"elementor-section elementor-top-section elementor-element elementor-element-f25a7df elementor-section-content-middle elementor-section-boxed elementor-section-height-default elementor-section-height-default rt-parallax-bg-no\" data-id=\"f25a7df\" data-element_type=\"section\">\n\t\t\t\t\t\t<div class=\"elementor-container elementor-column-gap-default\">\n\t\t\t\t\t<div class=\"elementor-column elementor-col-50 elementor-top-column elementor-element elementor-element-c599729\" data-id=\"c599729\" data-element_type=\"column\">\n\t\t\t<div class=\"elementor-widget-wrap elementor-element-populated\">\n\t\t\t\t\t\t<section class=\"elementor-section elementor-inner-section elementor-element elementor-element-b5dec91 elementor-section-boxed elementor-section-height-default elementor-section-height-default rt-parallax-bg-no\" data-id=\"b5dec91\" data-element_type=\"section\">\n\t\t\t\t\t\t<div class=\"elementor-container elementor-column-gap-default\">\n\t\t\t\t\t<div class=\"elementor-column elementor-col-100 elementor-inner-column elementor-element elementor-element-e1aa780\" data-id=\"e1aa780\" data-element_type=\"column\">\n\t\t\t<div class=\"elementor-widget-wrap elementor-element-populated\">\n\t\t\t\t\t\t<div class=\"elementor-element elementor-element-fba6d39 elementor-widget elementor-widget-rt-title\" data-id=\"fba6d39\" data-element_type=\"widget\" data-widget_type=\"rt-title.default\">\n\t\t\t\t<div class=\"elementor-widget-container\">\n\t\t\t\t\t<div class=\"section-title-wrapper\">\r\n\r\n    <!--Background Title-->\r\n    \r\n    <div class=\"title-inner-wrapper\">\r\n\r\n        <!--Top Sub Title-->\r\n        \r\n        <!--Main Title-->\r\n                    <h2 class=\"main-title\">Fale conosco<\/h2>\r\n        \r\n        <!--Description-->\r\n                    <div class=\"description\"><p>Na <strong data-start=\"131\" data-end=\"146\">CNI Im\u00f3veis<\/strong>, estamos sempre prontos para atender voc\u00ea com agilidade, transpar\u00eancia e dedica\u00e7\u00e3o. Seja para tirar d\u00favidas, agendar visitas ou anunciar seu im\u00f3vel, entre em contato conosco. Ser\u00e1 um prazer ajudar!<\/p><\/div>\r\n            <\/div>\r\n<\/div>\t\t\t\t<\/div>\n\t\t\t\t<\/div>\n\t\t\t\t\t<\/div>\n\t\t<\/div>\n\t\t\t\t\t<\/div>\n\t\t<\/section>\n\t\t\t\t<section class=\"elementor-section elementor-inner-section elementor-element elementor-element-d9cb8d9 elementor-section-boxed elementor-section-height-default elementor-section-height-default rt-parallax-bg-no\" data-id=\"d9cb8d9\" data-element_type=\"section\">\n\t\t\t\t\t\t<div class=\"elementor-container elementor-column-gap-default\">\n\t\t\t\t\t<div class=\"elementor-column elementor-col-100 elementor-inner-column elementor-element elementor-element-804f5be\" data-id=\"804f5be\" data-element_type=\"column\">\n\t\t\t<div class=\"elementor-widget-wrap elementor-element-populated\">\n\t\t\t\t\t\t<div class=\"elementor-element elementor-element-2f3d44f elementor-widget elementor-widget-rt-info-box\" data-id=\"2f3d44f\" data-element_type=\"widget\" data-widget_type=\"rt-info-box.default\">\n\t\t\t\t<div class=\"elementor-widget-container\">\n\t\t\t\t\t\r\n<div class=\"service3-box-right rt-info-box-wrap-1 rt-info-box icon-el-style-1\">\r\n\t<div class=\"service-box\">\r\n\t\t<div class=\"service3-icon-holder icon-holder   \">\r\n\t\t\t\t<i aria-hidden=\"true\" class=\"fas fa-map-marker-alt\"><\/i>\t\t<\/div>\r\n\r\n\t\t<div class=\"service3-content-holder content-holder content-align\">\r\n\t\t\t\t\t\t\t<h3 class=\"info-title\">\r\n\t\t\t\t\tEndere\u00e7o\t\t\t\t<\/h3>\r\n\t\t\t\r\n\t\t\t\t\t\t\t<p>Leopoldina - Minas Gerais<\/p>\r\n\t\t\t\r\n\t\t\t\t\t<\/div>\r\n    <\/div>\r\n<\/div>\t\t\t\t<\/div>\n\t\t\t\t<\/div>\n\t\t\t\t\t<\/div>\n\t\t<\/div>\n\t\t\t\t\t<\/div>\n\t\t<\/section>\n\t\t\t\t<section class=\"elementor-section elementor-inner-section elementor-element elementor-element-831fd84 elementor-section-boxed elementor-section-height-default elementor-section-height-default rt-parallax-bg-no\" data-id=\"831fd84\" data-element_type=\"section\">\n\t\t\t\t\t\t<div class=\"elementor-container elementor-column-gap-default\">\n\t\t\t\t\t<div class=\"elementor-column elementor-col-100 elementor-inner-column elementor-element elementor-element-9a03cb3\" data-id=\"9a03cb3\" data-element_type=\"column\">\n\t\t\t<div class=\"elementor-widget-wrap elementor-element-populated\">\n\t\t\t\t\t\t<div class=\"elementor-element elementor-element-0ff8102 elementor-widget elementor-widget-rt-info-box\" data-id=\"0ff8102\" data-element_type=\"widget\" data-widget_type=\"rt-info-box.default\">\n\t\t\t\t<div class=\"elementor-widget-container\">\n\t\t\t\t\t\r\n<div class=\"service3-box-right rt-info-box-wrap-1 rt-info-box icon-el-style-1\">\r\n\t<div class=\"service-box\">\r\n\t\t<div class=\"service3-icon-holder icon-holder   \">\r\n\t\t\t\t<i aria-hidden=\"true\" class=\"fas fa-phone-alt\"><\/i>\t\t<\/div>\r\n\r\n\t\t<div class=\"service3-content-holder content-holder content-align\">\r\n\t\t\t\t\t\t\t<h3 class=\"info-title\">\r\n\t\t\t\t\tContatos\t\t\t\t<\/h3>\r\n\t\t\t\r\n\t\t\t\t\t\t\t<p>Telefone \/ Whatsapp: (32) 99125-0165\n<br>\nE-mail: contato@cnileopoldina.com.br<\/p>\r\n\t\t\t\r\n\t\t\t\t\t<\/div>\r\n    <\/div>\r\n<\/div>\t\t\t\t<\/div>\n\t\t\t\t<\/div>\n\t\t\t\t\t<\/div>\n\t\t<\/div>\n\t\t\t\t\t<\/div>\n\t\t<\/section>\n\t\t\t\t<section class=\"elementor-section elementor-inner-section elementor-element elementor-element-cf029b3 elementor-section-boxed elementor-section-height-default elementor-section-height-default rt-parallax-bg-no\" data-id=\"cf029b3\" data-element_type=\"section\">\n\t\t\t\t\t\t<div class=\"elementor-container elementor-column-gap-default\">\n\t\t\t\t\t<div class=\"elementor-column elementor-col-100 elementor-inner-column elementor-element elementor-element-8062e00\" data-id=\"8062e00\" data-element_type=\"column\">\n\t\t\t<div class=\"elementor-widget-wrap elementor-element-populated\">\n\t\t\t\t\t\t<div class=\"elementor-element elementor-element-1ad2860 elementor-widget elementor-widget-rt-info-box\" data-id=\"1ad2860\" data-element_type=\"widget\" data-widget_type=\"rt-info-box.default\">\n\t\t\t\t<div class=\"elementor-widget-container\">\n\t\t\t\t\t\r\n<div class=\"service3-box-right rt-info-box-wrap-1 rt-info-box icon-el-style-1\">\r\n\t<div class=\"service-box\">\r\n\t\t<div class=\"service3-icon-holder icon-holder   \">\r\n\t\t\t\t<i aria-hidden=\"true\" class=\"far fa-clock\"><\/i>\t\t<\/div>\r\n\r\n\t\t<div class=\"service3-content-holder content-holder content-align\">\r\n\t\t\t\t\t\t\t<h3 class=\"info-title\">\r\n\t\t\t\t\tHor\u00e1rios\t\t\t\t<\/h3>\r\n\t\t\t\r\n\t\t\t\t\t\t\t<p>De segunda a sexta de 8h \u00e0s 17h\nPlant\u00e3o 24h pelo WhatsApp 32 991250165<\/p>\r\n\t\t\t\r\n\t\t\t\t\t<\/div>\r\n    <\/div>\r\n<\/div>\t\t\t\t<\/div>\n\t\t\t\t<\/div>\n\t\t\t\t\t<\/div>\n\t\t<\/div>\n\t\t\t\t\t<\/div>\n\t\t<\/section>\n\t\t\t\t\t<\/div>\n\t\t<\/div>\n\t\t\t\t<div class=\"elementor-column elementor-col-50 elementor-top-column elementor-element elementor-element-57dbaf1\" data-id=\"57dbaf1\" data-element_type=\"column\" data-settings=\"{&quot;background_background&quot;:&quot;classic&quot;}\">\n\t\t\t<div class=\"elementor-widget-wrap elementor-element-populated\">\n\t\t\t\t\t\t<div class=\"elementor-element elementor-element-3fb60ee elementor-widget elementor-widget-rt-title\" data-id=\"3fb60ee\" data-element_type=\"widget\" data-widget_type=\"rt-title.default\">\n\t\t\t\t<div class=\"elementor-widget-container\">\n\t\t\t\t\t<div class=\"section-title-wrapper\">\r\n\r\n    <!--Background Title-->\r\n    \r\n    <div class=\"title-inner-wrapper\">\r\n\r\n        <!--Top Sub Title-->\r\n        \r\n        <!--Main Title-->\r\n                    <h2 class=\"main-title\">Envie a sua mensagem<\/h2>\r\n        \r\n        <!--Description-->\r\n                    <div class=\"description\"><p>Preencha o formul\u00e1rio abaixo e nos envie sua mensagem. Estaremos lhe respondendo o mais breve poss\u00edvel!<\/p><\/div>\r\n            <\/div>\r\n<\/div>\t\t\t\t<\/div>\n\t\t\t\t<\/div>\n\t\t\t\t\t<\/div>\n\t\t<\/div>\n\t\t\t\t\t<\/div>\n\t\t<\/section>\n\t\t\t\t<section class=\"elementor-section elementor-top-section elementor-element elementor-element-4ea7ca8 elementor-section-content-middle elementor-section-boxed elementor-section-height-default elementor-section-height-default rt-parallax-bg-no\" data-id=\"4ea7ca8\" data-element_type=\"section\">\n\t\t\t\t\t\t<div class=\"elementor-container elementor-column-gap-default\">\n\t\t\t\t\t<div class=\"elementor-column elementor-col-100 elementor-top-column elementor-element elementor-element-07fa2a4 overflow-hidden\" data-id=\"07fa2a4\" data-element_type=\"column\">\n\t\t\t<div class=\"elementor-widget-wrap elementor-element-populated\">\n\t\t\t\t\t\t<div class=\"elementor-element elementor-element-a2a1a1d elementor-widget elementor-widget-html\" data-id=\"a2a1a1d\" data-element_type=\"widget\" data-widget_type=\"html.default\">\n\t\t\t\t<div class=\"elementor-widget-container\">\n\t\t\t\t\t<iframe src=\"https:\/\/www.google.com\/maps\/embed?pb=!1m18!1m12!1m3!1d1855.6783079449106!2d-42.64228072454008!3d-21.532906794107664!2m3!1f0!2f0!3f0!3m2!1i1024!2i768!4f13.1!3m3!1m2!1s0xa2c944e78bde11%3A0xe8bdfb99de0da578!2sEdif%C3%ADcio%20Rotary!5e0!3m2!1spt-BR!2sbr!4v1748098203546!5m2!1spt-BR!2sbr\" width=\"1450\" height=\"800\" style=\"border:0;\" allowfullscreen=\"\" loading=\"lazy\" referrerpolicy=\"no-referrer-when-downgrade\"><\/iframe>\t\t\t\t<\/div>\n\t\t\t\t<\/div>\n\t\t\t\t\t<\/div>\n\t\t<\/div>\n\t\t\t\t\t<\/div>\n\t\t<\/section>\n\t\t\t\t<\/div>\n\t\t","protected":false},"excerpt":{"rendered":"<p>Fale conosco Na CNI Im\u00f3veis, estamos sempre prontos para atender voc\u00ea com agilidade, transpar\u00eancia e dedica\u00e7\u00e3o. Seja para tirar d\u00favidas, agendar visitas ou anunciar seu im\u00f3vel, entre em contato conosco. Ser\u00e1 um prazer ajudar! Endere\u00e7o Leopoldina &#8211; Minas Gerais Contatos Telefone \/ Whatsapp: (32) 99125-0165 E-mail: contato@cnileopoldina.com.br Hor\u00e1rios De segunda a sexta de 8h \u00e0s<\/p>\n","protected":false},"author":1,"featured_media":0,"parent":0,"menu_order":0,"comment_status":"closed","ping_status":"closed","template":"templates\/blank.php","meta":{"_rtcl_gb_attr":"","_joinchat":[],"footnotes":""},"class_list":["post-2308","page","type-page","status-publish","hentry"],"_links":{"self":[{"href":"https:\/\/cnileopoldina.com.br\/site\/wp-json\/wp\/v2\/pages\/2308","targetHints":{"allow":["GET"]}}],"collection":[{"href":"https:\/\/cnileopoldina.com.br\/site\/wp-json\/wp\/v2\/pages"}],"about":[{"href":"https:\/\/cnileopoldina.com.br\/site\/wp-json\/wp\/v2\/types\/page"}],"author":[{"embeddable":true,"href":"https:\/\/cnileopoldina.com.br\/site\/wp-json\/wp\/v2\/users\/1"}],"replies":[{"embeddable":true,"href":"https:\/\/cnileopoldina.com.br\/site\/wp-json\/wp\/v2\/comments?post=2308"}],"version-history":[{"count":10,"href":"https:\/\/cnileopoldina.com.br\/site\/wp-json\/wp\/v2\/pages\/2308\/revisions"}],"predecessor-version":[{"id":20821,"href":"https:\/\/cnileopoldina.com.br\/site\/wp-json\/wp\/v2\/pages\/2308\/revisions\/20821"}],"wp:attachment":[{"href":"https:\/\/cnileopoldina.com.br\/site\/wp-json\/wp\/v2\/media?parent=2308"}],"curies":[{"name":"wp","href":"https:\/\/api.w.org\/{rel}","templated":true}]}}