{"id":3941,"date":"2021-01-12T03:28:54","date_gmt":"2021-01-12T03:28:54","guid":{"rendered":"https:\/\/cnileopoldina.com.br\/site\/?page_id=3941"},"modified":"2025-06-25T22:44:44","modified_gmt":"2025-06-26T01:44:44","slug":"sobrenos","status":"publish","type":"page","link":"https:\/\/cnileopoldina.com.br\/site\/sobrenos\/","title":{"rendered":"Sobre n\u00f3s"},"content":{"rendered":"\t\t<div data-elementor-type=\"wp-page\" data-elementor-id=\"3941\" class=\"elementor elementor-3941\">\n\t\t\t\t\t\t<section class=\"elementor-section elementor-top-section elementor-element elementor-element-08e1cb4 elementor-section-boxed elementor-section-height-default elementor-section-height-default rt-parallax-bg-no\" data-id=\"08e1cb4\" data-element_type=\"section\">\n\t\t\t\t\t\t<div class=\"elementor-container elementor-column-gap-default\">\n\t\t\t\t\t<div class=\"elementor-column elementor-col-100 elementor-top-column elementor-element elementor-element-e9f4eb6\" data-id=\"e9f4eb6\" data-element_type=\"column\">\n\t\t\t<div class=\"elementor-widget-wrap elementor-element-populated\">\n\t\t\t\t\t\t<div class=\"elementor-element elementor-element-f7df082 elementor-widget elementor-widget-spacer\" data-id=\"f7df082\" data-element_type=\"widget\" data-widget_type=\"spacer.default\">\n\t\t\t\t<div class=\"elementor-widget-container\">\n\t\t\t\t\t\t\t<div class=\"elementor-spacer\">\n\t\t\t<div class=\"elementor-spacer-inner\"><\/div>\n\t\t<\/div>\n\t\t\t\t\t\t<\/div>\n\t\t\t\t<\/div>\n\t\t\t\t\t<\/div>\n\t\t<\/div>\n\t\t\t\t\t<\/div>\n\t\t<\/section>\n\t\t\t\t<section class=\"elementor-section elementor-top-section elementor-element elementor-element-bd269f3 elementor-section-boxed elementor-section-height-default elementor-section-height-default rt-parallax-bg-no\" data-id=\"bd269f3\" data-element_type=\"section\">\n\t\t\t\t\t\t\t<div class=\"elementor-background-overlay\"><\/div>\n\t\t\t\t\t\t\t<div class=\"elementor-container elementor-column-gap-default\">\n\t\t\t\t\t<div class=\"elementor-column elementor-col-50 elementor-top-column elementor-element elementor-element-7a65f34\" data-id=\"7a65f34\" data-element_type=\"column\">\n\t\t\t<div class=\"elementor-widget-wrap elementor-element-populated\">\n\t\t\t\t\t\t<div class=\"elementor-element elementor-element-cff0832 elementor-invisible elementor-widget elementor-widget-image\" data-id=\"cff0832\" data-element_type=\"widget\" data-settings=\"{&quot;_animation&quot;:&quot;fadeInLeft&quot;}\" data-widget_type=\"image.default\">\n\t\t\t\t<div class=\"elementor-widget-container\">\n\t\t\t\t\t\t\t\t\t\t\t\t\t\t\t<img fetchpriority=\"high\" decoding=\"async\" width=\"610\" height=\"460\" src=\"https:\/\/cnileopoldina.com.br\/site\/wp-content\/uploads\/2021\/09\/about-meet.jpg\" class=\"attachment-full size-full wp-image-16029\" alt=\"\" title=\"\" \/>\t\t\t\t\t\t\t\t\t\t\t\t\t\t\t<\/div>\n\t\t\t\t<\/div>\n\t\t\t\t\t<\/div>\n\t\t<\/div>\n\t\t\t\t<div class=\"elementor-column elementor-col-50 elementor-top-column elementor-element elementor-element-9e8eb04\" data-id=\"9e8eb04\" data-element_type=\"column\">\n\t\t\t<div class=\"elementor-widget-wrap elementor-element-populated\">\n\t\t\t\t\t\t<div class=\"elementor-element elementor-element-f5d8b38 elementor-invisible elementor-widget elementor-widget-rt-title\" data-id=\"f5d8b38\" data-element_type=\"widget\" data-settings=\"{&quot;_animation&quot;:&quot;fadeInUp&quot;}\" data-widget_type=\"rt-title.default\">\n\t\t\t\t<div class=\"elementor-widget-container\">\n\t\t\t\t\t<div class=\"section-title-wrapper\">\r\n\r\n    <!--Background Title-->\r\n    \r\n    <div class=\"title-inner-wrapper\">\r\n\r\n        <!--Top Sub Title-->\r\n                    <div class=\"top-sub-title-wrap\">\r\n                <span class=\"top-sub-title\">\r\n                    Sobre n\u00f3s                <\/span>\r\n            <\/div>\r\n        \r\n        <!--Main Title-->\r\n                    <h2 class=\"main-title\">Seguran\u00e7a, transpar\u00eancia e qualidade!<\/h2>\r\n        \r\n        <!--Description-->\r\n                    <div class=\"description\"><p>A <strong>Cabral Neg\u00f3cios Imobili\u00e1rios<\/strong> \u00e9 uma Ag\u00eancia de Neg\u00f3cios Imobili\u00e1rios comprometida em oferecer excel\u00eancia em transa\u00e7\u00f5es de im\u00f3veis residenciais e comerciais em Leopoldina e regi\u00e3o. Atuamos com seguran\u00e7a, transpar\u00eancia e credibilidade, proporcionando solu\u00e7\u00f5es que geram confian\u00e7a e satisfa\u00e7\u00e3o para nossos clientes.<br \/><br \/>Nosso trabalho vai al\u00e9m da intermedia\u00e7\u00e3o imobili\u00e1ria, buscamos entender as reais necessidades de cada pessoa para entregar oportunidades que combinam com seus objetivos, seja para morar, investir ou empreender. Prezamos pelo atendimento humanizado, com foco em construir relacionamentos duradouros e pautados na \u00e9tica profissional.<br \/><br \/>Se voc\u00ea est\u00e1 em busca de um im\u00f3vel ou deseja anunciar o seu com tranquilidade e apoio de uma equipe qualificada, conte com a <strong>Cabral Neg\u00f3cios Imobili\u00e1rios<\/strong>. Estamos prontos para ajudar voc\u00ea a realizar bons neg\u00f3cios com a confian\u00e7a que s\u00f3 uma empresa s\u00f3lida no mercado pode oferecer.<\/p><\/div>\r\n            <\/div>\r\n<\/div>\t\t\t\t<\/div>\n\t\t\t\t<\/div>\n\t\t\t\t\t<\/div>\n\t\t<\/div>\n\t\t\t\t\t<\/div>\n\t\t<\/section>\n\t\t\t\t<section class=\"elementor-section elementor-top-section elementor-element elementor-element-80b51e8 elementor-section-boxed elementor-section-height-default elementor-section-height-default rt-parallax-bg-no\" data-id=\"80b51e8\" data-element_type=\"section\">\n\t\t\t\t\t\t<div class=\"elementor-container elementor-column-gap-default\">\n\t\t\t\t\t<div class=\"elementor-column elementor-col-100 elementor-top-column elementor-element elementor-element-a2e10ff\" data-id=\"a2e10ff\" data-element_type=\"column\">\n\t\t\t<div class=\"elementor-widget-wrap elementor-element-populated\">\n\t\t\t\t\t\t<div class=\"elementor-element elementor-element-e194fd3 elementor-widget elementor-widget-spacer\" data-id=\"e194fd3\" data-element_type=\"widget\" data-widget_type=\"spacer.default\">\n\t\t\t\t<div class=\"elementor-widget-container\">\n\t\t\t\t\t\t\t<div class=\"elementor-spacer\">\n\t\t\t<div class=\"elementor-spacer-inner\"><\/div>\n\t\t<\/div>\n\t\t\t\t\t\t<\/div>\n\t\t\t\t<\/div>\n\t\t\t\t\t<\/div>\n\t\t<\/div>\n\t\t\t\t\t<\/div>\n\t\t<\/section>\n\t\t\t\t<\/div>\n\t\t","protected":false},"excerpt":{"rendered":"<p>Sobre n\u00f3s Seguran\u00e7a, transpar\u00eancia e qualidade! A Cabral Neg\u00f3cios Imobili\u00e1rios \u00e9 uma Ag\u00eancia de Neg\u00f3cios Imobili\u00e1rios comprometida em oferecer excel\u00eancia em transa\u00e7\u00f5es de im\u00f3veis residenciais e comerciais em Leopoldina e regi\u00e3o. Atuamos com seguran\u00e7a, transpar\u00eancia e credibilidade, proporcionando solu\u00e7\u00f5es que geram confian\u00e7a e satisfa\u00e7\u00e3o para nossos clientes. Nosso trabalho vai al\u00e9m da intermedia\u00e7\u00e3o imobili\u00e1ria, buscamos<\/p>\n","protected":false},"author":1,"featured_media":0,"parent":0,"menu_order":0,"comment_status":"closed","ping_status":"closed","template":"templates\/blank.php","meta":{"_rtcl_gb_attr":"","_joinchat":[],"footnotes":""},"class_list":["post-3941","page","type-page","status-publish","hentry"],"_links":{"self":[{"href":"https:\/\/cnileopoldina.com.br\/site\/wp-json\/wp\/v2\/pages\/3941","targetHints":{"allow":["GET"]}}],"collection":[{"href":"https:\/\/cnileopoldina.com.br\/site\/wp-json\/wp\/v2\/pages"}],"about":[{"href":"https:\/\/cnileopoldina.com.br\/site\/wp-json\/wp\/v2\/types\/page"}],"author":[{"embeddable":true,"href":"https:\/\/cnileopoldina.com.br\/site\/wp-json\/wp\/v2\/users\/1"}],"replies":[{"embeddable":true,"href":"https:\/\/cnileopoldina.com.br\/site\/wp-json\/wp\/v2\/comments?post=3941"}],"version-history":[{"count":13,"href":"https:\/\/cnileopoldina.com.br\/site\/wp-json\/wp\/v2\/pages\/3941\/revisions"}],"predecessor-version":[{"id":18938,"href":"https:\/\/cnileopoldina.com.br\/site\/wp-json\/wp\/v2\/pages\/3941\/revisions\/18938"}],"wp:attachment":[{"href":"https:\/\/cnileopoldina.com.br\/site\/wp-json\/wp\/v2\/media?parent=3941"}],"curies":[{"name":"wp","href":"https:\/\/api.w.org\/{rel}","templated":true}]}}